{"id":1204,"date":"2024-08-06T01:12:44","date_gmt":"2024-08-05T23:12:44","guid":{"rendered":"https:\/\/www.widv.de\/?page_id=1204"},"modified":"2024-08-06T19:14:57","modified_gmt":"2024-08-06T17:14:57","slug":"ressourcen","status":"publish","type":"page","link":"https:\/\/www.widv.de\/?page_id=1204","title":{"rendered":"Ressourcen"},"content":{"rendered":"\t\t<div data-elementor-type=\"wp-page\" data-elementor-id=\"1204\" class=\"elementor elementor-1204\" data-elementor-post-type=\"page\">\n\t\t\t\t<div class=\"elementor-element elementor-element-de8e02e e-flex e-con-boxed e-con e-parent\" data-id=\"de8e02e\" data-element_type=\"container\" data-settings=\"{&quot;_ha_eqh_enable&quot;:false}\">\n\t\t\t\t\t<div class=\"e-con-inner\">\n\t\t\t\t<div class=\"elementor-element elementor-element-ea42ad8 elementor-widget elementor-widget-heading\" data-id=\"ea42ad8\" data-element_type=\"widget\" data-widget_type=\"heading.default\">\n\t\t\t\t<div class=\"elementor-widget-container\">\n\t\t\t<style>\/*! elementor - v3.21.0 - 08-05-2024 *\/\n.elementor-heading-title{padding:0;margin:0;line-height:1}.elementor-widget-heading .elementor-heading-title[class*=elementor-size-]>a{color:inherit;font-size:inherit;line-height:inherit}.elementor-widget-heading .elementor-heading-title.elementor-size-small{font-size:15px}.elementor-widget-heading .elementor-heading-title.elementor-size-medium{font-size:19px}.elementor-widget-heading .elementor-heading-title.elementor-size-large{font-size:29px}.elementor-widget-heading .elementor-heading-title.elementor-size-xl{font-size:39px}.elementor-widget-heading .elementor-heading-title.elementor-size-xxl{font-size:59px}<\/style><h1 class=\"elementor-heading-title elementor-size-default\">Ressourcen<\/h1>\t\t<\/div>\n\t\t\t\t<\/div>\n\t\t\t\t<div class=\"elementor-element elementor-element-91ec734 elementor-widget elementor-widget-text-editor\" data-id=\"91ec734\" data-element_type=\"widget\" data-widget_type=\"text-editor.default\">\n\t\t\t\t<div class=\"elementor-widget-container\">\n\t\t\t<style>\/*! elementor - v3.21.0 - 08-05-2024 *\/\n.elementor-widget-text-editor.elementor-drop-cap-view-stacked .elementor-drop-cap{background-color:#69727d;color:#fff}.elementor-widget-text-editor.elementor-drop-cap-view-framed .elementor-drop-cap{color:#69727d;border:3px solid;background-color:transparent}.elementor-widget-text-editor:not(.elementor-drop-cap-view-default) .elementor-drop-cap{margin-top:8px}.elementor-widget-text-editor:not(.elementor-drop-cap-view-default) .elementor-drop-cap-letter{width:1em;height:1em}.elementor-widget-text-editor .elementor-drop-cap{float:left;text-align:center;line-height:1;font-size:50px}.elementor-widget-text-editor .elementor-drop-cap-letter{display:inline-block}<\/style>\t\t\t\t<p>Nutzen Sie unsere Link-Tipps, Vorlagen und Downloads, um sich umfassend zu informieren selbst aktiv zu werden!\u00a0<\/p>\t\t\t\t\t\t<\/div>\n\t\t\t\t<\/div>\n\t\t\t\t<div class=\"elementor-element elementor-element-40193ec elementor-widget elementor-widget-heading\" data-id=\"40193ec\" data-element_type=\"widget\" data-widget_type=\"heading.default\">\n\t\t\t\t<div class=\"elementor-widget-container\">\n\t\t\t<h3 class=\"elementor-heading-title elementor-size-default\">Downloads<\/h3>\t\t<\/div>\n\t\t\t\t<\/div>\n\t\t\t\t<div class=\"elementor-element elementor-element-da119b0 elementor-widget elementor-widget-text-editor\" data-id=\"da119b0\" data-element_type=\"widget\" data-widget_type=\"text-editor.default\">\n\t\t\t\t<div class=\"elementor-widget-container\">\n\t\t\t\t\t\t\t<p>Informieren Sie sich und Andere! Die WIDV Kurzpr\u00e4sentation zeigt, was wir machen und wie Sie sich einbringen k\u00f6nnen.<\/p><p><img decoding=\"async\" class=\" wp-image-1219 alignleft\" src=\"https:\/\/www.widv.de\/wp-content\/uploads\/2024\/08\/reshot-icon-download-2CGFX4ZBLJ.svg\" alt=\"\" width=\"22\" height=\"22\" \/><a href=\"https:\/\/www.widv.de\/wp-content\/uploads\/2024\/08\/WIDV-Kurzpraesentation-Praesentation.pdf\">Die WIDV Kurzpr\u00e4sentation zum Download<\/a><\/p><hr \/><p>Was ist die WIDV und was wollen wir? Lernen Sie uns kennen und erfahren Sie, wie wir zusammenarbeiten.<\/p><p><img decoding=\"async\" class=\" wp-image-1219 alignleft\" src=\"https:\/\/www.widv.de\/wp-content\/uploads\/2024\/08\/reshot-icon-download-2CGFX4ZBLJ.svg\" alt=\"\" width=\"22\" height=\"22\" \/><a href=\"https:\/\/www.widv.de\/wp-content\/uploads\/2024\/08\/WIDV-Praeambel-und-Selbstverstaendnis.pdf\" target=\"_blank\" rel=\"noopener\">WIDV-Selbstverst\u00e4ndnis und Pr\u00e4ambel zum Download<\/a><\/p><hr \/><p>Wollen Sie sich an der WIDV Social Media Kampagne beteiligen? Setzen Sie mit einem Statement Zeichen!<\/p><p><img decoding=\"async\" class=\" wp-image-1219 alignleft\" src=\"https:\/\/www.widv.de\/wp-content\/uploads\/2024\/08\/reshot-icon-download-2CGFX4ZBLJ.svg\" alt=\"\" width=\"22\" height=\"22\" \/><a href=\"https:\/\/www.widv.de\/wp-content\/uploads\/2024\/08\/WIDV-Social-Media-Kampagne.pdf\" target=\"_blank\" rel=\"noopener\">Hinweise zur WIDV Social Media Kampagne zum Download<\/a><\/p>\t\t\t\t\t\t<\/div>\n\t\t\t\t<\/div>\n\t\t\t\t<div class=\"elementor-element elementor-element-b2a0d0b elementor-widget elementor-widget-heading\" data-id=\"b2a0d0b\" data-element_type=\"widget\" data-widget_type=\"heading.default\">\n\t\t\t\t<div class=\"elementor-widget-container\">\n\t\t\t<h3 class=\"elementor-heading-title elementor-size-default\">Externe Quellen<\/h3>\t\t<\/div>\n\t\t\t\t<\/div>\n\t\t\t\t<div class=\"elementor-element elementor-element-7f85822 elementor-widget elementor-widget-text-editor\" data-id=\"7f85822\" data-element_type=\"widget\" data-widget_type=\"text-editor.default\">\n\t\t\t\t<div class=\"elementor-widget-container\">\n\t\t\t\t\t\t\t<p>Welche Partei passt zu Ihnen? Nutzen Sie den Wahl-O-Mat von der Bundeszentrale f\u00fcr politische Bildung, um herauszufinden, welche Partei Ihre Interessen am besten vertritt.<\/p><p><img decoding=\"async\" class=\"wp-image-1218 alignleft\" src=\"https:\/\/www.widv.de\/wp-content\/uploads\/2024\/08\/reshot-icon-link-TPKSVGQNXF.svg\" alt=\"\" width=\"22\" height=\"22\" \/><a href=\"https:\/\/www.bpb.de\/themen\/wahl-o-mat\/\" target=\"_blank\" rel=\"noopener\">Link zum Wahl-O-Mat von der <em>Bundeszentrale f\u00fcr politische Bildung<\/em><\/a><\/p><hr \/><p>Wollen Sie tiefer ins Thema einsteigen? Die Studie &#8220;Unternehmen in Verantwortung&#8221; vom Verein <em>Gesicht Zeigen! F\u00fcr ein weltoffenes Deutschland e.V. <\/em>illustriert anhand zahlreicher Umfrageergebnisse, welche Einstellungen am Arbeitsplatz aufeinanderprallen und welche Herausforderungen daraus resultieren.<\/p><p><a href=\"https:\/\/www.gesichtzeigen.de\/wp-content\/uploads\/2024\/06\/studie_unternehmen-in-verantwortung_gesichtzeigen_2024.pdf\" target=\"_blank\" rel=\"noopener\"><img decoding=\"async\" class=\"wp-image-1218 alignleft\" src=\"https:\/\/www.widv.de\/wp-content\/uploads\/2024\/08\/reshot-icon-link-TPKSVGQNXF.svg\" alt=\"\" width=\"22\" height=\"22\" \/>Link zur Studie &#8220;Unternehmen und Verantwortung!&#8221; vom Projekt <em>Gesicht Zeigen!<\/em><\/a><\/p>\t\t\t\t\t\t<\/div>\n\t\t\t\t<\/div>\n\t\t\t\t\t<\/div>\n\t\t\t\t<\/div>\n\t\t\t\t<\/div>\n\t\t","protected":false},"excerpt":{"rendered":"<p>Ressourcen Nutzen Sie unsere Link-Tipps, Vorlagen und Downloads, um sich umfassend zu informieren selbst aktiv zu werden!\u00a0 Downloads Informieren Sie sich und Andere! Die WIDV Kurzpr\u00e4sentation zeigt, was wir machen und wie Sie sich einbringen k\u00f6nnen. Die WIDV Kurzpr\u00e4sentation zum Download Was ist die WIDV und was wollen wir? Lernen Sie uns kennen und erfahren [&hellip;]<\/p>\n","protected":false},"author":3,"featured_media":0,"parent":0,"menu_order":0,"comment_status":"closed","ping_status":"closed","template":"elementor_header_footer","meta":{"footnotes":""},"class_list":["post-1204","page","type-page","status-publish","hentry"],"_links":{"self":[{"href":"https:\/\/www.widv.de\/index.php?rest_route=\/wp\/v2\/pages\/1204","targetHints":{"allow":["GET"]}}],"collection":[{"href":"https:\/\/www.widv.de\/index.php?rest_route=\/wp\/v2\/pages"}],"about":[{"href":"https:\/\/www.widv.de\/index.php?rest_route=\/wp\/v2\/types\/page"}],"author":[{"embeddable":true,"href":"https:\/\/www.widv.de\/index.php?rest_route=\/wp\/v2\/users\/3"}],"replies":[{"embeddable":true,"href":"https:\/\/www.widv.de\/index.php?rest_route=%2Fwp%2Fv2%2Fcomments&post=1204"}],"version-history":[{"count":21,"href":"https:\/\/www.widv.de\/index.php?rest_route=\/wp\/v2\/pages\/1204\/revisions"}],"predecessor-version":[{"id":1235,"href":"https:\/\/www.widv.de\/index.php?rest_route=\/wp\/v2\/pages\/1204\/revisions\/1235"}],"wp:attachment":[{"href":"https:\/\/www.widv.de\/index.php?rest_route=%2Fwp%2Fv2%2Fmedia&parent=1204"}],"curies":[{"name":"wp","href":"https:\/\/api.w.org\/{rel}","templated":true}]}}